{"id":178,"date":"2023-04-28T14:21:22","date_gmt":"2023-04-28T14:21:22","guid":{"rendered":"https:\/\/dev.proxitron.se\/?page_id=178"},"modified":"2023-04-28T14:21:22","modified_gmt":"2023-04-28T14:21:22","slug":"medicinteknik","status":"publish","type":"page","link":"https:\/\/www.proxitron.se\/en\/medicinteknik\/","title":{"rendered":"Medical Technology"},"content":{"rendered":"[et_pb_section fb_built=&#8221;1&#8243; custom_padding_last_edited=&#8221;on|tablet&#8221; admin_label=&#8221;section&#8221; _builder_version=&#8221;4.21.0&#8243; background_color=&#8221;rgba(12,113,195,0.54)&#8221; background_image=&#8221;https:\/\/www.proxitron.se\/wp-content\/uploads\/2023\/05\/medical-tech.png&#8221; background_blend=&#8221;multiply&#8221; custom_margin=&#8221;-20%||||false|false&#8221; custom_margin_tablet=&#8221;-40%||||false|false&#8221; custom_margin_phone=&#8221;0%||||false|false&#8221; custom_margin_last_edited=&#8221;on|desktop&#8221; custom_padding=&#8221;30%||0px||false|false&#8221; custom_padding_tablet=&#8221;50%||0px||false|false&#8221; custom_padding_phone=&#8221;5%||||false|false&#8221; global_colors_info=&#8221;{}&#8221;][et_pb_row admin_label=&#8221;row&#8221; _builder_version=&#8221;4.16&#8243; background_size=&#8221;initial&#8221; background_position=&#8221;top_left&#8221; background_repeat=&#8221;repeat&#8221; global_colors_info=&#8221;{}&#8221;][et_pb_column type=&#8221;4_4&#8243; _builder_version=&#8221;4.16&#8243; custom_padding=&#8221;|||&#8221; global_colors_info=&#8221;{}&#8221; custom_padding__hover=&#8221;|||&#8221;][et_pb_text admin_label=&#8221;Text&#8221; _builder_version=&#8221;4.16&#8243; background_size=&#8221;initial&#8221; background_position=&#8221;top_left&#8221; background_repeat=&#8221;repeat&#8221; custom_padding=&#8221;92px|||||&#8221; global_colors_info=&#8221;{}&#8221;][\/et_pb_text][\/et_pb_column][\/et_pb_row][\/et_pb_section][et_pb_section fb_built=&#8221;1&#8243; _builder_version=&#8221;4.21.0&#8243; _module_preset=&#8221;default&#8221; background_color=&#8221;#002754&#8243; custom_padding=&#8221;29px||16px|||&#8221; global_module=&#8221;229&#8243; global_colors_info=&#8221;{}&#8221;][et_pb_row module_class=&#8221;pa-inline-buttons&#8221; _builder_version=&#8221;4.21.0&#8243; _module_preset=&#8221;default&#8221; width=&#8221;auto&#8221; custom_padding=&#8221;2px||0px|||&#8221; global_colors_info=&#8221;{}&#8221;][et_pb_column type=&#8221;4_4&#8243; _builder_version=&#8221;4.21.0&#8243; _module_preset=&#8221;default&#8221; global_colors_info=&#8221;{}&#8221;][et_pb_button button_url=&#8221;@ET-DC@eyJkeW5hbWljIjp0cnVlLCJjb250ZW50IjoicG9zdF9saW5rX3VybF9wYWdlIiwic2V0dGluZ3MiOnsicG9zdF9pZCI6IjE3NiJ9fQ==@&#8221; button_text=&#8221;KLIMAT &#038; VIBRATION&#8221; _builder_version=&#8221;4.21.0&#8243; _dynamic_attributes=&#8221;button_url&#8221; _module_preset=&#8221;default&#8221; custom_button=&#8221;on&#8221; button_text_size=&#8221;15px&#8221; button_text_color=&#8221;#FFFFFF&#8221; button_bg_color=&#8221;#0C71C3&#8243; button_border_width=&#8221;0px&#8221; button_border_radius=&#8221;0px&#8221; button_letter_spacing=&#8221;2px&#8221; button_font=&#8221;Barlow Condensed||||||||&#8221; button_use_icon=&#8221;off&#8221; custom_margin=&#8221;|10px|18px||false|false&#8221; custom_padding=&#8221;8px|20px|8px|20px|true|true&#8221; global_colors_info=&#8221;{}&#8221;][\/et_pb_button][et_pb_button button_url=&#8221;@ET-DC@eyJkeW5hbWljIjp0cnVlLCJjb250ZW50IjoicG9zdF9saW5rX3VybF9wYWdlIiwic2V0dGluZ3MiOnsicG9zdF9pZCI6IjE2OSJ9fQ==@&#8221; button_text=&#8221;EMC &#038; WIRELESS&#8221; _builder_version=&#8221;4.21.0&#8243; _dynamic_attributes=&#8221;button_url&#8221; _module_preset=&#8221;default&#8221; custom_button=&#8221;on&#8221; button_text_size=&#8221;15px&#8221; button_text_color=&#8221;#FFFFFF&#8221; button_bg_color=&#8221;#0C71C3&#8243; button_border_width=&#8221;0px&#8221; button_border_radius=&#8221;0px&#8221; button_letter_spacing=&#8221;2px&#8221; button_font=&#8221;Barlow Condensed||||||||&#8221; button_use_icon=&#8221;off&#8221; custom_margin=&#8221;|10px|18px||false|false&#8221; custom_padding=&#8221;8px|20px|8px|20px|true|true&#8221; global_colors_info=&#8221;{}&#8221;][\/et_pb_button][et_pb_button button_url=&#8221;@ET-DC@eyJkeW5hbWljIjp0cnVlLCJjb250ZW50IjoicG9zdF9saW5rX3VybF9wYWdlIiwic2V0dGluZ3MiOnsicG9zdF9pZCI6IjE3NCJ9fQ==@&#8221; button_text=&#8221;H\u00d6GSP\u00c4NNING &#038; ELS\u00c4KERHET&#8221; _builder_version=&#8221;4.21.0&#8243; _dynamic_attributes=&#8221;button_url&#8221; _module_preset=&#8221;default&#8221; custom_button=&#8221;on&#8221; button_text_size=&#8221;15px&#8221; button_text_color=&#8221;#FFFFFF&#8221; button_bg_color=&#8221;#0C71C3&#8243; button_border_width=&#8221;0px&#8221; button_border_radius=&#8221;0px&#8221; button_letter_spacing=&#8221;2px&#8221; button_font=&#8221;Barlow Condensed||||||||&#8221; button_use_icon=&#8221;off&#8221; custom_margin=&#8221;|10px|18px||false|false&#8221; custom_padding=&#8221;8px|20px|8px|20px|true|true&#8221; global_colors_info=&#8221;{}&#8221;][\/et_pb_button][et_pb_button button_url=&#8221;@ET-DC@eyJkeW5hbWljIjp0cnVlLCJjb250ZW50IjoicG9zdF9saW5rX3VybF9wYWdlIiwic2V0dGluZ3MiOnsicG9zdF9pZCI6IjE3MiJ9fQ==@&#8221; button_text=&#8221;GIVARE &#038; KOMPONENTER&#8221; _builder_version=&#8221;4.21.0&#8243; _dynamic_attributes=&#8221;button_url&#8221; _module_preset=&#8221;default&#8221; custom_button=&#8221;on&#8221; button_text_size=&#8221;15px&#8221; button_text_color=&#8221;#FFFFFF&#8221; button_bg_color=&#8221;#0C71C3&#8243; button_border_width=&#8221;0px&#8221; button_border_radius=&#8221;0px&#8221; button_letter_spacing=&#8221;2px&#8221; button_font=&#8221;Barlow Condensed||||||||&#8221; button_use_icon=&#8221;off&#8221; custom_margin=&#8221;|10px|18px||false|false&#8221; custom_padding=&#8221;8px|20px|8px|20px|true|true&#8221; global_colors_info=&#8221;{}&#8221;][\/et_pb_button][et_pb_button button_url=&#8221;@ET-DC@eyJkeW5hbWljIjp0cnVlLCJjb250ZW50IjoicG9zdF9saW5rX3VybF9wYWdlIiwic2V0dGluZ3MiOnsicG9zdF9pZCI6IjE3OCJ9fQ==@&#8221; button_text=&#8221;MEDICINTEKNIK&#8221; _builder_version=&#8221;4.21.0&#8243; _dynamic_attributes=&#8221;button_url&#8221; _module_preset=&#8221;default&#8221; custom_button=&#8221;on&#8221; button_text_size=&#8221;15px&#8221; button_text_color=&#8221;#FFFFFF&#8221; button_bg_color=&#8221;#0C71C3&#8243; button_border_width=&#8221;0px&#8221; button_border_radius=&#8221;0px&#8221; button_letter_spacing=&#8221;2px&#8221; button_font=&#8221;Barlow Condensed||||||||&#8221; button_use_icon=&#8221;off&#8221; custom_margin=&#8221;|10px|18px||false|false&#8221; custom_padding=&#8221;8px|20px|8px|20px|true|true&#8221; global_colors_info=&#8221;{}&#8221;][\/et_pb_button][\/et_pb_column][\/et_pb_row][\/et_pb_section][et_pb_section fb_built=&#8221;1&#8243; _builder_version=&#8221;4.21.0&#8243; _module_preset=&#8221;default&#8221; global_colors_info=&#8221;{}&#8221;][et_pb_row _builder_version=&#8221;4.21.0&#8243; _module_preset=&#8221;default&#8221; global_colors_info=&#8221;{}&#8221;][et_pb_column type=&#8221;4_4&#8243; _builder_version=&#8221;4.21.0&#8243; _module_preset=&#8221;default&#8221; global_colors_info=&#8221;{}&#8221;][et_pb_text _builder_version=&#8221;4.21.0&#8243; _module_preset=&#8221;534cc526-6274-4e31-9e1a-7f18a5947bf1&#8243; header_4_font=&#8221;Oswald|||on|||||&#8221; header_4_text_color=&#8221;#E02B20&#8243; header_4_font_size=&#8221;13px&#8221; header_4_letter_spacing=&#8221;4px&#8221; header_4_line_height=&#8221;1.5em&#8221; custom_margin=&#8221;0px||0px||false|false&#8221; header_4_font_size_tablet=&#8221;12px&#8221; header_4_font_size_phone=&#8221;&#8221; header_4_font_size_last_edited=&#8221;on|desktop&#8221; locked=&#8221;off&#8221; global_colors_info=&#8221;{}&#8221;]<h4>PRODUKTER<\/h4>[\/et_pb_text][et_pb_text _builder_version=&#8221;4.21.0&#8243; _module_preset=&#8221;default&#8221; text_font=&#8221;Archivo||||||||&#8221; text_font_size=&#8221;16px&#8221; text_line_height=&#8221;1.8em&#8221; header_font=&#8221;Barlow Condensed|500|||||||&#8221; header_text_color=&#8221;#474747&#8243; header_font_size=&#8221;47px&#8221; custom_margin=&#8221;||0px||false|false&#8221; header_font_size_tablet=&#8221;52px&#8221; header_font_size_phone=&#8221;42px&#8221; header_font_size_last_edited=&#8221;on|desktop&#8221; global_colors_info=&#8221;{}&#8221;]<div class=\"fl-module fl-module-heading fl-node-58bc6c2d0101e\" data-node=\"58bc6c2d0101e\">\n<div class=\"fl-module-content fl-node-content\">\n<h1 class=\"fl-heading\"><span class=\"fl-heading-text\">MEDICINTEKNISK UTRUSTNING<\/span><\/h1>\n<\/div>\n<\/div>\n<div class=\"fl-module fl-module-rich-text fl-node-58bc6c434481e\" data-node=\"58bc6c434481e\">\n<div class=\"fl-module-content fl-node-content\">\n<div class=\"fl-rich-text\">\n<p>I \u00f6ver 20 \u00e5r har Rigel varit ett v\u00e4lk\u00e4nt namn inom olika MTA-avdelningar v\u00e4rlden \u00f6ver. D\u00e5 har det enbart handlat om els\u00e4kerhetstestare, men nu har Rigel Medical kommit med nya intressanta testinstrument.<\/p>\n<p>Vi kan bland annat erbjuda f\u00f6ljande:<\/p>\n<p>Blodtryckssimulator, Defibrillatortestare, Diatermitestare, EEG-simulator, EKG-simulator, Els\u00e4kerhetstestare, Fl\u00f6desanalysator, Fl\u00f6desm\u00e4tare, IEC 60601, IEC 61010, IEC 62353, Infusionstestare, Multisimulator, Patientsimulator, SpO2-simulator, Testlungor, Tryckm\u00e4tare och Ventilatortestare.<\/p>\n<\/div>\n<\/div>\n<\/div>[\/et_pb_text][\/et_pb_column][\/et_pb_row][\/et_pb_section][et_pb_section fb_built=&#8221;1&#8243; _builder_version=&#8221;4.21.0&#8243; _module_preset=&#8221;default&#8221; custom_padding=&#8221;4px|||||&#8221; global_colors_info=&#8221;{}&#8221;][et_pb_row _builder_version=&#8221;4.21.0&#8243; _module_preset=&#8221;default&#8221; custom_padding=&#8221;11px||9px|||&#8221; global_colors_info=&#8221;{}&#8221;][et_pb_column type=&#8221;4_4&#8243; _builder_version=&#8221;4.21.0&#8243; _module_preset=&#8221;default&#8221; global_colors_info=&#8221;{}&#8221;][ba_logo_carousel use_nav=&#8221;off&#8221; use_pagi=&#8221;on&#8221; slide_spacing=&#8221;15px&#8221; _builder_version=&#8221;4.21.0&#8243; _module_preset=&#8221;default&#8221; hover_enabled=&#8221;0&#8243; global_colors_info=&#8221;{}&#8221; sticky_enabled=&#8221;0&#8243;][ba_logo_carousel_child logo=&#8221;https:\/\/www.proxitron.se\/wp-content\/uploads\/2023\/06\/IMTAnalytics.png&#8221; _builder_version=&#8221;4.21.0&#8243; _module_preset=&#8221;default&#8221; hover_enabled=&#8221;0&#8243; global_colors_info=&#8221;{}&#8221; title_text=&#8221;IMTAnalytics&#8221; sticky_enabled=&#8221;0&#8243; brand_name=&#8221;IMT Analytics&#8221;][\/ba_logo_carousel_child][ba_logo_carousel_child logo=&#8221;https:\/\/www.proxitron.se\/wp-content\/uploads\/2023\/06\/rigelmedical.png&#8221; _builder_version=&#8221;4.21.0&#8243; _module_preset=&#8221;default&#8221; hover_enabled=&#8221;0&#8243; global_colors_info=&#8221;{}&#8221; title_text=&#8221;rigelmedical&#8221; brand_name=&#8221;Rigel Medical&#8221; sticky_enabled=&#8221;0&#8243;][\/ba_logo_carousel_child][\/ba_logo_carousel][\/et_pb_column][\/et_pb_row][\/et_pb_section]","protected":false},"excerpt":{"rendered":"<p>PRODUKTER MEDICINTEKNISK UTRUSTNING I \u00f6ver 20 \u00e5r har Rigel varit ett v\u00e4lk\u00e4nt namn inom olika MTA-avdelningar v\u00e4rlden \u00f6ver. D\u00e5 har det enbart handlat om els\u00e4kerhetstestare, men nu har Rigel Medical kommit med nya intressanta testinstrument. Vi kan bland annat erbjuda f\u00f6ljande: Blodtryckssimulator, Defibrillatortestare, Diatermitestare, EEG-simulator, EKG-simulator, Els\u00e4kerhetstestare, Fl\u00f6desanalysator, Fl\u00f6desm\u00e4tare, IEC 60601, IEC 61010, IEC 62353, [&hellip;]<\/p>\n","protected":false},"author":1,"featured_media":0,"parent":0,"menu_order":0,"comment_status":"closed","ping_status":"closed","template":"","meta":{"_et_pb_use_builder":"on","_et_pb_old_content":"<!-- wp:divi\/placeholder \/-->","_et_gb_content_width":"","footnotes":""},"class_list":["post-178","page","type-page","status-publish","hentry"],"_links":{"self":[{"href":"https:\/\/www.proxitron.se\/en\/wp-json\/wp\/v2\/pages\/178","targetHints":{"allow":["GET"]}}],"collection":[{"href":"https:\/\/www.proxitron.se\/en\/wp-json\/wp\/v2\/pages"}],"about":[{"href":"https:\/\/www.proxitron.se\/en\/wp-json\/wp\/v2\/types\/page"}],"author":[{"embeddable":true,"href":"https:\/\/www.proxitron.se\/en\/wp-json\/wp\/v2\/users\/1"}],"replies":[{"embeddable":true,"href":"https:\/\/www.proxitron.se\/en\/wp-json\/wp\/v2\/comments?post=178"}],"version-history":[{"count":0,"href":"https:\/\/www.proxitron.se\/en\/wp-json\/wp\/v2\/pages\/178\/revisions"}],"wp:attachment":[{"href":"https:\/\/www.proxitron.se\/en\/wp-json\/wp\/v2\/media?parent=178"}],"curies":[{"name":"wp","href":"https:\/\/api.w.org\/{rel}","templated":true}]}}