{"id":172,"date":"2023-04-28T14:20:34","date_gmt":"2023-04-28T14:20:34","guid":{"rendered":"https:\/\/dev.proxitron.se\/?page_id=172"},"modified":"2023-04-28T14:20:34","modified_gmt":"2023-04-28T14:20:34","slug":"givare-och-komponenter","status":"publish","type":"page","link":"https:\/\/www.proxitron.se\/en\/givare-och-komponenter\/","title":{"rendered":"Sensors and Components"},"content":{"rendered":"[et_pb_section fb_built=&#8221;1&#8243; custom_padding_last_edited=&#8221;on|desktop&#8221; admin_label=&#8221;section&#8221; _builder_version=&#8221;4.21.0&#8243; background_image=&#8221;https:\/\/www.proxitron.se\/wp-content\/uploads\/2023\/05\/givare_slide3.png&#8221; parallax=&#8221;on&#8221; custom_margin=&#8221;-21%||||false|false&#8221; custom_margin_tablet=&#8221;-35%||||false|false&#8221; custom_margin_phone=&#8221;0%||||false|false&#8221; custom_margin_last_edited=&#8221;on|tablet&#8221; custom_padding=&#8221;14%||14%||true|false&#8221; custom_padding_tablet=&#8221;50%||0px||false|false&#8221; custom_padding_phone=&#8221;10%||10%||true|false&#8221; global_colors_info=&#8221;{}&#8221;][et_pb_row admin_label=&#8221;row&#8221; _builder_version=&#8221;4.16&#8243; background_size=&#8221;initial&#8221; background_position=&#8221;top_left&#8221; background_repeat=&#8221;repeat&#8221; custom_padding=&#8221;||27px|||&#8221; global_colors_info=&#8221;{}&#8221;][et_pb_column type=&#8221;4_4&#8243; _builder_version=&#8221;4.16&#8243; custom_padding=&#8221;|||&#8221; global_colors_info=&#8221;{}&#8221; custom_padding__hover=&#8221;|||&#8221;][et_pb_text admin_label=&#8221;Text&#8221; _builder_version=&#8221;4.16&#8243; background_size=&#8221;initial&#8221; background_position=&#8221;top_left&#8221; background_repeat=&#8221;repeat&#8221; global_colors_info=&#8221;{}&#8221;][\/et_pb_text][\/et_pb_column][\/et_pb_row][\/et_pb_section][et_pb_section fb_built=&#8221;1&#8243; _builder_version=&#8221;4.21.0&#8243; _module_preset=&#8221;default&#8221; background_color=&#8221;#002754&#8243; custom_padding=&#8221;29px||16px|||&#8221; global_module=&#8221;229&#8243; global_colors_info=&#8221;{}&#8221;][et_pb_row module_class=&#8221;pa-inline-buttons&#8221; _builder_version=&#8221;4.21.0&#8243; _module_preset=&#8221;default&#8221; width=&#8221;auto&#8221; custom_padding=&#8221;2px||0px|||&#8221; global_colors_info=&#8221;{}&#8221;][et_pb_column type=&#8221;4_4&#8243; _builder_version=&#8221;4.21.0&#8243; _module_preset=&#8221;default&#8221; global_colors_info=&#8221;{}&#8221;][et_pb_button button_url=&#8221;@ET-DC@eyJkeW5hbWljIjp0cnVlLCJjb250ZW50IjoicG9zdF9saW5rX3VybF9wYWdlIiwic2V0dGluZ3MiOnsicG9zdF9pZCI6IjE3NiJ9fQ==@&#8221; button_text=&#8221;KLIMAT &#038; VIBRATION&#8221; _builder_version=&#8221;4.21.0&#8243; _dynamic_attributes=&#8221;button_url&#8221; _module_preset=&#8221;default&#8221; custom_button=&#8221;on&#8221; button_text_size=&#8221;15px&#8221; button_text_color=&#8221;#FFFFFF&#8221; button_bg_color=&#8221;#0C71C3&#8243; button_border_width=&#8221;0px&#8221; button_border_radius=&#8221;0px&#8221; button_letter_spacing=&#8221;2px&#8221; button_font=&#8221;Barlow Condensed||||||||&#8221; button_use_icon=&#8221;off&#8221; custom_margin=&#8221;|10px|18px||false|false&#8221; custom_padding=&#8221;8px|20px|8px|20px|true|true&#8221; global_colors_info=&#8221;{}&#8221;][\/et_pb_button][et_pb_button button_url=&#8221;@ET-DC@eyJkeW5hbWljIjp0cnVlLCJjb250ZW50IjoicG9zdF9saW5rX3VybF9wYWdlIiwic2V0dGluZ3MiOnsicG9zdF9pZCI6IjE2OSJ9fQ==@&#8221; button_text=&#8221;EMC &#038; WIRELESS&#8221; _builder_version=&#8221;4.21.0&#8243; _dynamic_attributes=&#8221;button_url&#8221; _module_preset=&#8221;default&#8221; custom_button=&#8221;on&#8221; button_text_size=&#8221;15px&#8221; button_text_color=&#8221;#FFFFFF&#8221; button_bg_color=&#8221;#0C71C3&#8243; button_border_width=&#8221;0px&#8221; button_border_radius=&#8221;0px&#8221; button_letter_spacing=&#8221;2px&#8221; button_font=&#8221;Barlow Condensed||||||||&#8221; button_use_icon=&#8221;off&#8221; custom_margin=&#8221;|10px|18px||false|false&#8221; custom_padding=&#8221;8px|20px|8px|20px|true|true&#8221; global_colors_info=&#8221;{}&#8221;][\/et_pb_button][et_pb_button button_url=&#8221;@ET-DC@eyJkeW5hbWljIjp0cnVlLCJjb250ZW50IjoicG9zdF9saW5rX3VybF9wYWdlIiwic2V0dGluZ3MiOnsicG9zdF9pZCI6IjE3NCJ9fQ==@&#8221; button_text=&#8221;H\u00d6GSP\u00c4NNING &#038; ELS\u00c4KERHET&#8221; _builder_version=&#8221;4.21.0&#8243; _dynamic_attributes=&#8221;button_url&#8221; _module_preset=&#8221;default&#8221; custom_button=&#8221;on&#8221; button_text_size=&#8221;15px&#8221; button_text_color=&#8221;#FFFFFF&#8221; button_bg_color=&#8221;#0C71C3&#8243; button_border_width=&#8221;0px&#8221; button_border_radius=&#8221;0px&#8221; button_letter_spacing=&#8221;2px&#8221; button_font=&#8221;Barlow Condensed||||||||&#8221; button_use_icon=&#8221;off&#8221; custom_margin=&#8221;|10px|18px||false|false&#8221; custom_padding=&#8221;8px|20px|8px|20px|true|true&#8221; global_colors_info=&#8221;{}&#8221;][\/et_pb_button][et_pb_button button_url=&#8221;@ET-DC@eyJkeW5hbWljIjp0cnVlLCJjb250ZW50IjoicG9zdF9saW5rX3VybF9wYWdlIiwic2V0dGluZ3MiOnsicG9zdF9pZCI6IjE3MiJ9fQ==@&#8221; button_text=&#8221;GIVARE &#038; KOMPONENTER&#8221; _builder_version=&#8221;4.21.0&#8243; _dynamic_attributes=&#8221;button_url&#8221; _module_preset=&#8221;default&#8221; custom_button=&#8221;on&#8221; button_text_size=&#8221;15px&#8221; button_text_color=&#8221;#FFFFFF&#8221; button_bg_color=&#8221;#0C71C3&#8243; button_border_width=&#8221;0px&#8221; button_border_radius=&#8221;0px&#8221; button_letter_spacing=&#8221;2px&#8221; button_font=&#8221;Barlow Condensed||||||||&#8221; button_use_icon=&#8221;off&#8221; custom_margin=&#8221;|10px|18px||false|false&#8221; custom_padding=&#8221;8px|20px|8px|20px|true|true&#8221; global_colors_info=&#8221;{}&#8221;][\/et_pb_button][et_pb_button button_url=&#8221;@ET-DC@eyJkeW5hbWljIjp0cnVlLCJjb250ZW50IjoicG9zdF9saW5rX3VybF9wYWdlIiwic2V0dGluZ3MiOnsicG9zdF9pZCI6IjE3OCJ9fQ==@&#8221; button_text=&#8221;MEDICINTEKNIK&#8221; _builder_version=&#8221;4.21.0&#8243; _dynamic_attributes=&#8221;button_url&#8221; _module_preset=&#8221;default&#8221; custom_button=&#8221;on&#8221; button_text_size=&#8221;15px&#8221; button_text_color=&#8221;#FFFFFF&#8221; button_bg_color=&#8221;#0C71C3&#8243; button_border_width=&#8221;0px&#8221; button_border_radius=&#8221;0px&#8221; button_letter_spacing=&#8221;2px&#8221; button_font=&#8221;Barlow Condensed||||||||&#8221; button_use_icon=&#8221;off&#8221; custom_margin=&#8221;|10px|18px||false|false&#8221; custom_padding=&#8221;8px|20px|8px|20px|true|true&#8221; global_colors_info=&#8221;{}&#8221;][\/et_pb_button][\/et_pb_column][\/et_pb_row][\/et_pb_section][et_pb_section fb_built=&#8221;1&#8243; _builder_version=&#8221;4.21.0&#8243; _module_preset=&#8221;default&#8221; global_colors_info=&#8221;{}&#8221; custom_padding=&#8221;||44px|||&#8221;][et_pb_row _builder_version=&#8221;4.21.0&#8243; _module_preset=&#8221;default&#8221; global_colors_info=&#8221;{}&#8221;][et_pb_column type=&#8221;4_4&#8243; _builder_version=&#8221;4.21.0&#8243; _module_preset=&#8221;default&#8221; global_colors_info=&#8221;{}&#8221;][et_pb_text _builder_version=&#8221;4.21.0&#8243; _module_preset=&#8221;534cc526-6274-4e31-9e1a-7f18a5947bf1&#8243; header_4_font=&#8221;Oswald|||on|||||&#8221; header_4_text_color=&#8221;#E02B20&#8243; header_4_font_size=&#8221;13px&#8221; header_4_letter_spacing=&#8221;4px&#8221; header_4_line_height=&#8221;1.5em&#8221; custom_margin=&#8221;0px||0px||false|false&#8221; header_4_font_size_tablet=&#8221;12px&#8221; header_4_font_size_phone=&#8221;&#8221; header_4_font_size_last_edited=&#8221;on|desktop&#8221; locked=&#8221;off&#8221; global_colors_info=&#8221;{}&#8221;]<h4>Produkter<\/h4>[\/et_pb_text][et_pb_text _builder_version=&#8221;4.21.0&#8243; _module_preset=&#8221;default&#8221; text_font=&#8221;Archivo||||||||&#8221; text_font_size=&#8221;16px&#8221; text_line_height=&#8221;1.8em&#8221; header_font=&#8221;Barlow Condensed|500|||||||&#8221; header_text_color=&#8221;#474747&#8243; header_font_size=&#8221;47px&#8221; custom_margin=&#8221;||0px||false|false&#8221; header_font_size_tablet=&#8221;52px&#8221; header_font_size_phone=&#8221;42px&#8221; header_font_size_last_edited=&#8221;on|desktop&#8221; global_colors_info=&#8221;{}&#8221;]<div class=\"fl-module fl-module-heading fl-node-58bc6c2d0101e\" data-node=\"58bc6c2d0101e\">\n<div class=\"fl-module-content fl-node-content\">\n<h1 class=\"fl-heading\"><span class=\"fl-heading-text\">GIVARE &amp; KOMPONENTER<\/span><\/h1>\n<\/div>\n<\/div>\n<div class=\"fl-module fl-module-rich-text fl-node-58bc6c434481e\" data-node=\"58bc6c434481e\">\n<div class=\"fl-module-content fl-node-content\">\n<div class=\"fl-rich-text\">\n<p>Vi har en gedigen kompetens inom givare och komponenter. V\u00e5ra leverant\u00f6rer har m\u00e5nga standardmodeller att v\u00e4lja mellan och skulle det inte finns n\u00e5got som passar hj\u00e4lper de g\u00e4rna till med kundanpassningar. Modeller l\u00e4mpade f\u00f6r s\u00e5v\u00e4l forskning och utveckling som f\u00f6r industriella OEM-till\u00e4mpningar.<\/p>\n<p>Vi kan bland annat erbjuda detta: Accelerometrar, Avst\u00e5ndsgivare, Barometrar, CO2-givare, Differentialtryck, Ferriter, Fl\u00f6desgivare, Fuktgivare, Gasregulatorer, Hastighetsgivare, Induktiva Givare, L\u00e4gesgivare, Mikromanometer, Signaltransformatorer\/baluner, Str\u00f6mvakt, Temperaturgivare, Tryckgivare, Vakuumt\u00e4ta genomf\u00f6ringar och Varvtalsgivare.<\/p>\n<\/div>\n<\/div>\n<\/div>[\/et_pb_text][\/et_pb_column][\/et_pb_row][\/et_pb_section][et_pb_section fb_built=&#8221;1&#8243; _builder_version=&#8221;4.21.0&#8243; _module_preset=&#8221;default&#8221; custom_padding=&#8221;4px|||||&#8221; global_colors_info=&#8221;{}&#8221;][et_pb_row _builder_version=&#8221;4.21.0&#8243; _module_preset=&#8221;default&#8221; custom_padding=&#8221;11px||9px|||&#8221; global_colors_info=&#8221;{}&#8221;][et_pb_column type=&#8221;4_4&#8243; _builder_version=&#8221;4.21.0&#8243; _module_preset=&#8221;default&#8221; global_colors_info=&#8221;{}&#8221;][ba_logo_carousel use_nav=&#8221;off&#8221; use_pagi=&#8221;on&#8221; slide_spacing=&#8221;15px&#8221; _builder_version=&#8221;4.21.0&#8243; _module_preset=&#8221;default&#8221; hover_enabled=&#8221;0&#8243; global_colors_info=&#8221;{}&#8221; sticky_enabled=&#8221;0&#8243;][ba_logo_carousel_child logo=&#8221;https:\/\/www.proxitron.se\/wp-content\/uploads\/2023\/06\/ceramtek.png&#8221; brand_name=&#8221;Ceramtec&#8221; _builder_version=&#8221;4.21.0&#8243; _module_preset=&#8221;default&#8221; hover_enabled=&#8221;0&#8243; global_colors_info=&#8221;{}&#8221; title_text=&#8221;ceramtek&#8221; sticky_enabled=&#8221;0&#8243;][\/ba_logo_carousel_child][ba_logo_carousel_child logo=&#8221;https:\/\/www.proxitron.se\/wp-content\/uploads\/2023\/06\/motion-sensors.png&#8221; brand_name=&#8221;Motion sensors&#8221; _builder_version=&#8221;4.21.0&#8243; _module_preset=&#8221;default&#8221; hover_enabled=&#8221;0&#8243; global_colors_info=&#8221;{}&#8221; title_text=&#8221;motion-sensors&#8221; sticky_enabled=&#8221;0&#8243;][\/ba_logo_carousel_child][ba_logo_carousel_child logo=&#8221;https:\/\/www.proxitron.se\/wp-content\/uploads\/2023\/06\/MTS.png&#8221; brand_name=&#8221;MTS&#8221; _builder_version=&#8221;4.21.0&#8243; _module_preset=&#8221;default&#8221; hover_enabled=&#8221;0&#8243; global_colors_info=&#8221;{}&#8221; title_text=&#8221;MTS&#8221; sticky_enabled=&#8221;0&#8243;][\/ba_logo_carousel_child][ba_logo_carousel_child logo=&#8221;https:\/\/www.proxitron.se\/wp-content\/uploads\/2023\/06\/qualwave.png&#8221; brand_name=&#8221;Qualwave&#8221; _builder_version=&#8221;4.21.0&#8243; _module_preset=&#8221;default&#8221; hover_enabled=&#8221;0&#8243; global_colors_info=&#8221;{}&#8221; title_text=&#8221;qualwave&#8221; sticky_enabled=&#8221;0&#8243;][\/ba_logo_carousel_child][ba_logo_carousel_child logo=&#8221;https:\/\/www.proxitron.se\/wp-content\/uploads\/2023\/06\/setra.png&#8221; brand_name=&#8221;Setra&#8221; _builder_version=&#8221;4.21.0&#8243; _module_preset=&#8221;default&#8221; hover_enabled=&#8221;0&#8243; global_colors_info=&#8221;{}&#8221; title_text=&#8221;setra&#8221; sticky_enabled=&#8221;0&#8243;][\/ba_logo_carousel_child][\/ba_logo_carousel][\/et_pb_column][\/et_pb_row][\/et_pb_section]","protected":false},"excerpt":{"rendered":"<p>Produkter GIVARE &amp; KOMPONENTER Vi har en gedigen kompetens inom givare och komponenter. V\u00e5ra leverant\u00f6rer har m\u00e5nga standardmodeller att v\u00e4lja mellan och skulle det inte finns n\u00e5got som passar hj\u00e4lper de g\u00e4rna till med kundanpassningar. Modeller l\u00e4mpade f\u00f6r s\u00e5v\u00e4l forskning och utveckling som f\u00f6r industriella OEM-till\u00e4mpningar. Vi kan bland annat erbjuda detta: Accelerometrar, Avst\u00e5ndsgivare, Barometrar, [&hellip;]<\/p>\n","protected":false},"author":1,"featured_media":0,"parent":0,"menu_order":0,"comment_status":"closed","ping_status":"closed","template":"","meta":{"_et_pb_use_builder":"on","_et_pb_old_content":"<!-- wp:divi\/placeholder \/-->","_et_gb_content_width":"","footnotes":""},"class_list":["post-172","page","type-page","status-publish","hentry"],"_links":{"self":[{"href":"https:\/\/www.proxitron.se\/en\/wp-json\/wp\/v2\/pages\/172","targetHints":{"allow":["GET"]}}],"collection":[{"href":"https:\/\/www.proxitron.se\/en\/wp-json\/wp\/v2\/pages"}],"about":[{"href":"https:\/\/www.proxitron.se\/en\/wp-json\/wp\/v2\/types\/page"}],"author":[{"embeddable":true,"href":"https:\/\/www.proxitron.se\/en\/wp-json\/wp\/v2\/users\/1"}],"replies":[{"embeddable":true,"href":"https:\/\/www.proxitron.se\/en\/wp-json\/wp\/v2\/comments?post=172"}],"version-history":[{"count":0,"href":"https:\/\/www.proxitron.se\/en\/wp-json\/wp\/v2\/pages\/172\/revisions"}],"wp:attachment":[{"href":"https:\/\/www.proxitron.se\/en\/wp-json\/wp\/v2\/media?parent=172"}],"curies":[{"name":"wp","href":"https:\/\/api.w.org\/{rel}","templated":true}]}}